{"id":523,"date":"2024-08-06T08:54:26","date_gmt":"2024-08-06T08:54:26","guid":{"rendered":"http:\/\/bektasmushrooms.com\/?page_id=523"},"modified":"2024-08-19T06:34:20","modified_gmt":"2024-08-19T06:34:20","slug":"iletisim","status":"publish","type":"page","link":"https:\/\/bektasmushrooms.com\/en\/iletisim\/","title":{"rendered":"Contact"},"content":{"rendered":"<div data-elementor-type=\"wp-page\" data-elementor-id=\"523\" class=\"elementor elementor-523\" data-elementor-post-type=\"page\">\n\t\t\t\t<div class=\"elementor-element elementor-element-c8b83bc e-flex e-con-boxed e-con e-parent\" data-id=\"c8b83bc\" data-element_type=\"container\">\n\t\t\t\t\t<div class=\"e-con-inner\">\n\t\t<div class=\"elementor-element elementor-element-8f7db62 e-con-full e-flex e-con e-child\" data-id=\"8f7db62\" data-element_type=\"container\">\n\t\t\t\t<div class=\"elementor-element elementor-element-6864f9f elementor-widget elementor-widget-heading\" data-id=\"6864f9f\" data-element_type=\"widget\" data-widget_type=\"heading.default\">\n\t\t\t\t<div class=\"elementor-widget-container\">\n\t\t\t<style>\/*! elementor - v3.23.0 - 25-07-2024 *\/\n.elementor-heading-title{padding:0;margin:0;line-height:1}.elementor-widget-heading .elementor-heading-title[class*=elementor-size-]>a{color:inherit;font-size:inherit;line-height:inherit}.elementor-widget-heading .elementor-heading-title.elementor-size-small{font-size:15px}.elementor-widget-heading .elementor-heading-title.elementor-size-medium{font-size:19px}.elementor-widget-heading .elementor-heading-title.elementor-size-large{font-size:29px}.elementor-widget-heading .elementor-heading-title.elementor-size-xl{font-size:39px}.elementor-widget-heading .elementor-heading-title.elementor-size-xxl{font-size:59px}<\/style><h2 class=\"elementor-heading-title elementor-size-default\">Contact Information<\/h2>\t\t<\/div>\n\t\t\t\t<\/div>\n\t\t\t\t<div class=\"elementor-element elementor-element-e889a9d elementor-align-left elementor-icon-list--layout-traditional elementor-list-item-link-full_width elementor-widget elementor-widget-icon-list\" data-id=\"e889a9d\" data-element_type=\"widget\" data-widget_type=\"icon-list.default\">\n\t\t\t\t<div class=\"elementor-widget-container\">\n\t\t\t<link rel=\"stylesheet\" href=\"http:\/\/bektasmushrooms.com\/wp-content\/plugins\/elementor\/assets\/css\/widget-icon-list.min.css\">\t\t<ul class=\"elementor-icon-list-items\">\n\t\t\t\t\t\t\t<li class=\"elementor-icon-list-item\">\n\t\t\t\t\t\t\t\t\t\t\t<span class=\"elementor-icon-list-icon\">\n\t\t\t\t\t\t\t<i aria-hidden=\"true\" class=\"far fa-building\"><\/i>\t\t\t\t\t\t<\/span>\n\t\t\t\t\t\t\t\t\t\t<span class=\"elementor-icon-list-text\">Bekta\u015f \u0130th. \u0130hr. ve D\u0131\u015f Tic. Ltd. \u015eti<\/span>\n\t\t\t\t\t\t\t\t\t<\/li>\n\t\t\t\t\t\t\t\t<li class=\"elementor-icon-list-item\">\n\t\t\t\t\t\t\t\t\t\t\t<span class=\"elementor-icon-list-icon\">\n\t\t\t\t\t\t\t<i aria-hidden=\"true\" class=\"far fa-address-card\"><\/i>\t\t\t\t\t\t<\/span>\n\t\t\t\t\t\t\t\t\t\t<span class=\"elementor-icon-list-text\">Natural Mushrooms<\/span>\n\t\t\t\t\t\t\t\t\t<\/li>\n\t\t\t\t\t\t\t\t<li class=\"elementor-icon-list-item\">\n\t\t\t\t\t\t\t\t\t\t\t<span class=\"elementor-icon-list-icon\">\n\t\t\t\t\t\t\t<i aria-hidden=\"true\" class=\"fas fa-map-marker-alt\"><\/i>\t\t\t\t\t\t<\/span>\n\t\t\t\t\t\t\t\t\t\t<span class=\"elementor-icon-list-text\">Sar\u0131caeli k\u00f6y\u00fc,Hac\u0131kuyu mevkii No: 247 \u00c7anakkale<\/span>\n\t\t\t\t\t\t\t\t\t<\/li>\n\t\t\t\t\t\t\t\t<li class=\"elementor-icon-list-item\">\n\t\t\t\t\t\t\t\t\t\t\t<span class=\"elementor-icon-list-icon\">\n\t\t\t\t\t\t\t<i aria-hidden=\"true\" class=\"fas fa-phone-alt\"><\/i>\t\t\t\t\t\t<\/span>\n\t\t\t\t\t\t\t\t\t\t<span class=\"elementor-icon-list-text\">+00 90 286 2174767<\/span>\n\t\t\t\t\t\t\t\t\t<\/li>\n\t\t\t\t\t\t\t\t<li class=\"elementor-icon-list-item\">\n\t\t\t\t\t\t\t\t\t\t\t<span class=\"elementor-icon-list-icon\">\n\t\t\t\t\t\t\t<i aria-hidden=\"true\" class=\"far fa-envelope\"><\/i>\t\t\t\t\t\t<\/span>\n\t\t\t\t\t\t\t\t\t\t<span class=\"elementor-icon-list-text\">info@bektasmushrooms.com<\/span>\n\t\t\t\t\t\t\t\t\t<\/li>\n\t\t\t\t\t\t<\/ul>\n\t\t\t\t<\/div>\n\t\t\t\t<\/div>\n\t\t\t\t<div class=\"elementor-element elementor-element-16d15a2 elementor-widget elementor-widget-heading\" data-id=\"16d15a2\" data-element_type=\"widget\" data-widget_type=\"heading.default\">\n\t\t\t\t<div class=\"elementor-widget-container\">\n\t\t\t<h2 class=\"elementor-heading-title elementor-size-default\">Department contact numbers : <\/h2>\t\t<\/div>\n\t\t\t\t<\/div>\n\t\t\t\t<div class=\"elementor-element elementor-element-750cbdd elementor-widget elementor-widget-text-editor\" data-id=\"750cbdd\" data-element_type=\"widget\" data-widget_type=\"text-editor.default\">\n\t\t\t\t<div class=\"elementor-widget-container\">\n\t\t\t<style>\/*! elementor - v3.23.0 - 25-07-2024 *\/\n.elementor-widget-text-editor.elementor-drop-cap-view-stacked .elementor-drop-cap{background-color:#69727d;color:#fff}.elementor-widget-text-editor.elementor-drop-cap-view-framed .elementor-drop-cap{color:#69727d;border:3px solid;background-color:transparent}.elementor-widget-text-editor:not(.elementor-drop-cap-view-default) .elementor-drop-cap{margin-top:8px}.elementor-widget-text-editor:not(.elementor-drop-cap-view-default) .elementor-drop-cap-letter{width:1em;height:1em}.elementor-widget-text-editor .elementor-drop-cap{float:left;text-align:center;line-height:1;font-size:50px}.elementor-widget-text-editor .elementor-drop-cap-letter{display:inline-block}<\/style>\t\t\t\t<p><span style=\"color: #ff0000;\"><strong>Export \/Logistics<\/strong><\/span><\/p><p>German\/English : 00 90 532 2426772<\/p><p>Italian\u00a0 \/ French\u00a0 : 00 90 532 2811279<\/p><p><span style=\"color: #ff0000;\"><strong>Accounting <\/strong><\/span><\/p><p>Tel : 00 90 532 3528082<\/p><p>Tel : 00 90 532 4277079<\/p><p><span style=\"color: #ff0000;\"><strong>Transport<\/strong><\/span><\/p><p>Tel : 00 90 532 2811278<\/p><p><span style=\"color: #ff0000;\"><strong>Purchasing<\/strong><\/span><\/p><p>Tel : 00 90 532 3528083<\/p>\t\t\t\t\t\t<\/div>\n\t\t\t\t<\/div>\n\t\t\t\t<\/div>\n\t\t<div class=\"elementor-element elementor-element-205e00c e-con-full e-flex e-con e-child\" data-id=\"205e00c\" data-element_type=\"container\">\n\t\t\t\t<div class=\"elementor-element elementor-element-1ce58bf elementor-widget elementor-widget-heading\" data-id=\"1ce58bf\" data-element_type=\"widget\" data-widget_type=\"heading.default\">\n\t\t\t\t<div class=\"elementor-widget-container\">\n\t\t\t<h2 class=\"elementor-heading-title elementor-size-default\">Contact Form<\/h2>\t\t<\/div>\n\t\t\t\t<\/div>\n\t\t\t\t<div class=\"elementor-element elementor-element-08a5205 elementor-widget elementor-widget-shortcode\" data-id=\"08a5205\" data-element_type=\"widget\" data-widget_type=\"shortcode.default\">\n\t\t\t\t<div class=\"elementor-widget-container\">\n\t\t\t\t\t<div class=\"elementor-shortcode\"><div class=\"wpforms-container wpforms-container-full wpforms-render-modern\" id=\"wpforms-666\"><form id=\"wpforms-form-666\" class=\"wpforms-validate wpforms-form wpforms-ajax-form\" data-formid=\"666\" method=\"post\" enctype=\"multipart\/form-data\" action=\"\/en\/wp-json\/wp\/v2\/pages\/523\" data-token=\"d657a57c9420421bda82848d5deb7834\" data-token-time=\"1776488405\" data-trp-original-action=\"\/en\/wp-json\/wp\/v2\/pages\/523\"><noscript class=\"wpforms-error-noscript\">Please enable JavaScript in your browser to complete this form.<\/noscript><div class=\"wpforms-hidden\" id=\"wpforms-error-noscript\">Please enable JavaScript in your browser to complete this form.<\/div><div class=\"wpforms-field-container\"><div id=\"wpforms-666-field_1-container\" class=\"wpforms-field wpforms-field-name\" data-field-id=\"1\"><label class=\"wpforms-field-label\" for=\"wpforms-666-field_1\">Name - Surname <span class=\"wpforms-required-label\" aria-hidden=\"true\">*<\/span><\/label><input type=\"text\" id=\"wpforms-666-field_1\" class=\"wpforms-field-medium wpforms-field-required\" name=\"wpforms[fields][1]\" aria-errormessage=\"wpforms-666-field_1-error\" required><\/div><div id=\"wpforms-666-field_2-container\" class=\"wpforms-field wpforms-field-email\" data-field-id=\"2\"><label class=\"wpforms-field-label\" for=\"wpforms-666-field_2\">Mail <span class=\"wpforms-required-label\" aria-hidden=\"true\">*<\/span><\/label><input type=\"email\" id=\"wpforms-666-field_2\" class=\"wpforms-field-medium wpforms-field-required\" name=\"wpforms[fields][2]\" spellcheck=\"false\" aria-errormessage=\"wpforms-666-field_2-error\" required><\/div><div id=\"wpforms-666-field_3-container\" class=\"wpforms-field wpforms-field-textarea\" data-field-id=\"3\"><label class=\"wpforms-field-label\" for=\"wpforms-666-field_3\">Message <span class=\"wpforms-required-label\" aria-hidden=\"true\">*<\/span><\/label><textarea id=\"wpforms-666-field_3\" class=\"wpforms-field-medium wpforms-field-required\" name=\"wpforms[fields][3]\" aria-errormessage=\"wpforms-666-field_3-error\" required><\/textarea><\/div><\/div><!-- .wpforms-field-container --><div class=\"wpforms-submit-container\" ><input type=\"hidden\" name=\"wpforms[id]\" value=\"666\"><input type=\"hidden\" name=\"page_title\" value=\"\"><input type=\"hidden\" name=\"page_url\" value=\"https:\/\/bektasmushrooms.com\/en\/wp-json\/wp\/v2\/pages\/523\"><button type=\"submit\" name=\"wpforms[submit]\" id=\"wpforms-submit-666\" class=\"wpforms-submit\" data-alt-text=\"G\u00f6nderiliyor...\" data-submit-text=\"G\u00d6NDER\" aria-live=\"assertive\" value=\"wpforms-submit\">SEND<\/button><img decoding=\"async\" src=\"https:\/\/bektasmushrooms.com\/wp-content\/plugins\/wpforms-lite\/assets\/images\/submit-spin.svg\" class=\"wpforms-submit-spinner\" style=\"display: none;\" width=\"26\" height=\"26\" alt=\"Loading\"><\/div><input type=\"hidden\" name=\"trp-form-language\" value=\"en\"\/><\/form><\/div>  <!-- .wpforms-container --><\/div>\n\t\t\t\t<\/div>\n\t\t\t\t<\/div>\n\t\t\t\t<\/div>\n\t\t\t\t\t<\/div>\n\t\t\t\t<\/div>\n\t\t<div class=\"elementor-element elementor-element-56893cd e-flex e-con-boxed e-con e-parent\" data-id=\"56893cd\" data-element_type=\"container\">\n\t\t\t\t\t<div class=\"e-con-inner\">\n\t\t\t\t<div class=\"elementor-element elementor-element-3d55813 elementor-widget elementor-widget-heading\" data-id=\"3d55813\" data-element_type=\"widget\" data-widget_type=\"heading.default\">\n\t\t\t\t<div class=\"elementor-widget-container\">\n\t\t\t<h2 class=\"elementor-heading-title elementor-size-default\">Location<\/h2>\t\t<\/div>\n\t\t\t\t<\/div>\n\t\t\t\t<div class=\"elementor-element elementor-element-edbb565 elementor-widget elementor-widget-html\" data-id=\"edbb565\" data-element_type=\"widget\" data-widget_type=\"html.default\">\n\t\t\t\t<div class=\"elementor-widget-container\">\n\t\t\t<iframe src=\"https:\/\/www.google.com\/maps\/embed?pb=!1m14!1m8!1m3!1d4501.219660653475!2d26.44751415421694!3d40.13583968636182!3m2!1i1024!2i768!4f13.1!3m3!1m2!1s0x14b1075997809c87%3A0xec4e0307f01e17b1!2zQmVrdGHFnw!5e1!3m2!1str!2str!4v1722950821430!5m2!1str!2str\" width=\"100%\" height=\"500\" style=\"border:0;\" allowfullscreen=\"\" loading=\"lazy\" referrerpolicy=\"no-referrer-when-downgrade\"><\/iframe>\t\t<\/div>\n\t\t\t\t<\/div>\n\t\t\t\t\t<\/div>\n\t\t\t\t<\/div>\n\t\t\t\t<\/div>","protected":false},"excerpt":{"rendered":"<p>\u0130leti\u015fim Bilgileri Bekta\u015f \u0130th. \u0130hr. ve D\u0131\u015f Tic. Ltd. \u015eti Natural Mushrooms Sar\u0131caeli k\u00f6y\u00fc,Hac\u0131kuyu mevkii No: 247 \u00c7anakkale +00 90 286 2174767 info@bektasmushrooms.com Departman ileti\u015fim Numaralar\u0131 : \u0130hracat \/Lojistik German\/English : 00 90 532 2426772 Italian\u00a0 \/ French\u00a0 : 00 90 532 2811279 Muhasebe Tel : 00 90 532 3528082 Tel : 00 90 532 [&hellip;]<\/p>","protected":false},"author":1,"featured_media":0,"parent":0,"menu_order":0,"comment_status":"closed","ping_status":"closed","template":"","meta":{"footnotes":""},"class_list":["post-523","page","type-page","status-publish","hentry","entry"],"yoast_head":"<!-- This site is optimized with the Yoast SEO plugin v23.2 - https:\/\/yoast.com\/wordpress\/plugins\/seo\/ -->\n<title>\u0130leti\u015fim - Bekta\u015f Mushrooms<\/title>\n<meta name=\"robots\" content=\"index, follow, max-snippet:-1, max-image-preview:large, max-video-preview:-1\" \/>\n<link rel=\"canonical\" href=\"https:\/\/bektasmushrooms.com\/en\/iletisim\/\" \/>\n<meta property=\"og:locale\" content=\"en_US\" \/>\n<meta property=\"og:type\" content=\"article\" \/>\n<meta property=\"og:title\" content=\"\u0130leti\u015fim - Bekta\u015f Mushrooms\" \/>\n<meta property=\"og:description\" content=\"\u0130leti\u015fim Bilgileri Bekta\u015f \u0130th. \u0130hr. ve D\u0131\u015f Tic. Ltd. \u015eti Natural Mushrooms Sar\u0131caeli k\u00f6y\u00fc,Hac\u0131kuyu mevkii No: 247 \u00c7anakkale +00 90 286 2174767 info@bektasmushrooms.com Departman ileti\u015fim Numaralar\u0131 : \u0130hracat \/Lojistik German\/English : 00 90 532 2426772 Italian\u00a0 \/ French\u00a0 : 00 90 532 2811279 Muhasebe Tel : 00 90 532 3528082 Tel : 00 90 532 [&hellip;]\" \/>\n<meta property=\"og:url\" content=\"https:\/\/bektasmushrooms.com\/en\/iletisim\/\" \/>\n<meta property=\"og:site_name\" content=\"Bekta\u015f Mushrooms\" \/>\n<meta property=\"article:modified_time\" content=\"2024-08-19T06:34:20+00:00\" \/>\n<meta name=\"twitter:card\" content=\"summary_large_image\" \/>\n<meta name=\"twitter:label1\" content=\"Est. reading time\" \/>\n\t<meta name=\"twitter:data1\" content=\"1 minute\" \/>\n<script type=\"application\/ld+json\" class=\"yoast-schema-graph\">{\"@context\":\"https:\/\/schema.org\",\"@graph\":[{\"@type\":\"WebPage\",\"@id\":\"https:\/\/bektasmushrooms.com\/iletisim\/\",\"url\":\"https:\/\/bektasmushrooms.com\/iletisim\/\",\"name\":\"\u0130leti\u015fim - Bekta\u015f Mushrooms\",\"isPartOf\":{\"@id\":\"http:\/\/bektasmushrooms.com\/en\/#website\"},\"datePublished\":\"2024-08-06T08:54:26+00:00\",\"dateModified\":\"2024-08-19T06:34:20+00:00\",\"breadcrumb\":{\"@id\":\"https:\/\/bektasmushrooms.com\/iletisim\/#breadcrumb\"},\"inLanguage\":\"en-US\",\"potentialAction\":[{\"@type\":\"ReadAction\",\"target\":[\"https:\/\/bektasmushrooms.com\/iletisim\/\"]}]},{\"@type\":\"BreadcrumbList\",\"@id\":\"https:\/\/bektasmushrooms.com\/iletisim\/#breadcrumb\",\"itemListElement\":[{\"@type\":\"ListItem\",\"position\":1,\"name\":\"Anasayfa\",\"item\":\"http:\/\/bektasmushrooms.com\/en\/\"},{\"@type\":\"ListItem\",\"position\":2,\"name\":\"\u0130leti\u015fim\"}]},{\"@type\":\"WebSite\",\"@id\":\"http:\/\/bektasmushrooms.com\/en\/#website\",\"url\":\"http:\/\/bektasmushrooms.com\/en\/\",\"name\":\"Bekta\u015f Mushrooms\",\"description\":\"\",\"potentialAction\":[{\"@type\":\"SearchAction\",\"target\":{\"@type\":\"EntryPoint\",\"urlTemplate\":\"http:\/\/bektasmushrooms.com\/en\/?s={search_term_string}\"},\"query-input\":\"required name=search_term_string\"}],\"inLanguage\":\"en-US\"}]}<\/script>\n<!-- \/ Yoast SEO plugin. -->","yoast_head_json":{"title":"\u0130leti\u015fim - Bekta\u015f Mushrooms","robots":{"index":"index","follow":"follow","max-snippet":"max-snippet:-1","max-image-preview":"max-image-preview:large","max-video-preview":"max-video-preview:-1"},"canonical":"https:\/\/bektasmushrooms.com\/en\/iletisim\/","og_locale":"en_US","og_type":"article","og_title":"\u0130leti\u015fim - Bekta\u015f Mushrooms","og_description":"\u0130leti\u015fim Bilgileri Bekta\u015f \u0130th. \u0130hr. ve D\u0131\u015f Tic. Ltd. \u015eti Natural Mushrooms Sar\u0131caeli k\u00f6y\u00fc,Hac\u0131kuyu mevkii No: 247 \u00c7anakkale +00 90 286 2174767 info@bektasmushrooms.com Departman ileti\u015fim Numaralar\u0131 : \u0130hracat \/Lojistik German\/English : 00 90 532 2426772 Italian\u00a0 \/ French\u00a0 : 00 90 532 2811279 Muhasebe Tel : 00 90 532 3528082 Tel : 00 90 532 [&hellip;]","og_url":"https:\/\/bektasmushrooms.com\/en\/iletisim\/","og_site_name":"Bekta\u015f Mushrooms","article_modified_time":"2024-08-19T06:34:20+00:00","twitter_card":"summary_large_image","twitter_misc":{"Est. reading time":"1 minute"},"schema":{"@context":"https:\/\/schema.org","@graph":[{"@type":"WebPage","@id":"https:\/\/bektasmushrooms.com\/iletisim\/","url":"https:\/\/bektasmushrooms.com\/iletisim\/","name":"\u0130leti\u015fim - Bekta\u015f Mushrooms","isPartOf":{"@id":"http:\/\/bektasmushrooms.com\/en\/#website"},"datePublished":"2024-08-06T08:54:26+00:00","dateModified":"2024-08-19T06:34:20+00:00","breadcrumb":{"@id":"https:\/\/bektasmushrooms.com\/iletisim\/#breadcrumb"},"inLanguage":"en-US","potentialAction":[{"@type":"ReadAction","target":["https:\/\/bektasmushrooms.com\/iletisim\/"]}]},{"@type":"BreadcrumbList","@id":"https:\/\/bektasmushrooms.com\/iletisim\/#breadcrumb","itemListElement":[{"@type":"ListItem","position":1,"name":"Anasayfa","item":"http:\/\/bektasmushrooms.com\/en\/"},{"@type":"ListItem","position":2,"name":"\u0130leti\u015fim"}]},{"@type":"WebSite","@id":"http:\/\/bektasmushrooms.com\/en\/#website","url":"http:\/\/bektasmushrooms.com\/en\/","name":"Bekta\u015f Mushrooms","description":"","potentialAction":[{"@type":"SearchAction","target":{"@type":"EntryPoint","urlTemplate":"http:\/\/bektasmushrooms.com\/en\/?s={search_term_string}"},"query-input":"required name=search_term_string"}],"inLanguage":"en-US"}]}},"_links":{"self":[{"href":"https:\/\/bektasmushrooms.com\/en\/wp-json\/wp\/v2\/pages\/523"}],"collection":[{"href":"https:\/\/bektasmushrooms.com\/en\/wp-json\/wp\/v2\/pages"}],"about":[{"href":"https:\/\/bektasmushrooms.com\/en\/wp-json\/wp\/v2\/types\/page"}],"author":[{"embeddable":true,"href":"https:\/\/bektasmushrooms.com\/en\/wp-json\/wp\/v2\/users\/1"}],"replies":[{"embeddable":true,"href":"https:\/\/bektasmushrooms.com\/en\/wp-json\/wp\/v2\/comments?post=523"}],"version-history":[{"count":22,"href":"https:\/\/bektasmushrooms.com\/en\/wp-json\/wp\/v2\/pages\/523\/revisions"}],"predecessor-version":[{"id":675,"href":"https:\/\/bektasmushrooms.com\/en\/wp-json\/wp\/v2\/pages\/523\/revisions\/675"}],"wp:attachment":[{"href":"https:\/\/bektasmushrooms.com\/en\/wp-json\/wp\/v2\/media?parent=523"}],"curies":[{"name":"wp","href":"https:\/\/api.w.org\/{rel}","templated":true}]}}