{"id":518,"date":"2024-08-06T08:52:38","date_gmt":"2024-08-06T08:52:38","guid":{"rendered":"http:\/\/bektasmushrooms.com\/?page_id=518"},"modified":"2024-08-09T12:28:35","modified_gmt":"2024-08-09T12:28:35","slug":"hakkimizda","status":"publish","type":"page","link":"https:\/\/bektasmushrooms.com\/en\/hakkimizda\/","title":{"rendered":"About"},"content":{"rendered":"<div data-elementor-type=\"wp-page\" data-elementor-id=\"518\" class=\"elementor elementor-518\" data-elementor-post-type=\"page\">\n\t\t\t\t<div class=\"elementor-element elementor-element-c847e30 e-flex e-con-boxed e-con e-parent\" data-id=\"c847e30\" data-element_type=\"container\">\n\t\t\t\t\t<div class=\"e-con-inner\">\n\t\t\t\t<div class=\"elementor-element elementor-element-72bb7fd elementor-widget elementor-widget-heading\" data-id=\"72bb7fd\" data-element_type=\"widget\" data-widget_type=\"heading.default\">\n\t\t\t\t<div class=\"elementor-widget-container\">\n\t\t\t<style>\/*! elementor - v3.23.0 - 25-07-2024 *\/\n.elementor-heading-title{padding:0;margin:0;line-height:1}.elementor-widget-heading .elementor-heading-title[class*=elementor-size-]>a{color:inherit;font-size:inherit;line-height:inherit}.elementor-widget-heading .elementor-heading-title.elementor-size-small{font-size:15px}.elementor-widget-heading .elementor-heading-title.elementor-size-medium{font-size:19px}.elementor-widget-heading .elementor-heading-title.elementor-size-large{font-size:29px}.elementor-widget-heading .elementor-heading-title.elementor-size-xl{font-size:39px}.elementor-widget-heading .elementor-heading-title.elementor-size-xxl{font-size:59px}<\/style><h2 class=\"elementor-heading-title elementor-size-default\">About<\/h2>\t\t<\/div>\n\t\t\t\t<\/div>\n\t\t\t\t\t<\/div>\n\t\t\t\t<\/div>\n\t\t<div class=\"elementor-element elementor-element-cc9af0c e-flex e-con-boxed e-con e-parent\" data-id=\"cc9af0c\" data-element_type=\"container\">\n\t\t\t\t\t<div class=\"e-con-inner\">\n\t\t\t\t<div class=\"elementor-element elementor-element-5eaf760 elementor-widget elementor-widget-text-editor\" data-id=\"5eaf760\" data-element_type=\"widget\" data-widget_type=\"text-editor.default\">\n\t\t\t\t<div class=\"elementor-widget-container\">\n\t\t\t<style>\/*! elementor - v3.23.0 - 25-07-2024 *\/\n.elementor-widget-text-editor.elementor-drop-cap-view-stacked .elementor-drop-cap{background-color:#69727d;color:#fff}.elementor-widget-text-editor.elementor-drop-cap-view-framed .elementor-drop-cap{color:#69727d;border:3px solid;background-color:transparent}.elementor-widget-text-editor:not(.elementor-drop-cap-view-default) .elementor-drop-cap{margin-top:8px}.elementor-widget-text-editor:not(.elementor-drop-cap-view-default) .elementor-drop-cap-letter{width:1em;height:1em}.elementor-widget-text-editor .elementor-drop-cap{float:left;text-align:center;line-height:1;font-size:50px}.elementor-widget-text-editor .elementor-drop-cap-letter{display:inline-block}<\/style>\t\t\t\t<p><span style=\"font-weight: 400;\">Our company Bekta\u015f \u0130thalat \u0130hracat Ltd.\u015eti. was established in \u00c7anakkale in 1984.<\/span><\/p><p><span style=\"font-weight: 400;\">Since 1990, we have been exporting natural and organic mushrooms to all EU countries, especially Germany, Switzerland, France, Italy, Netherlands and Spain, Japan and America.<\/span><\/p><p><span style=\"font-weight: 400;\">We produce natural mushrooms as fresh, frozen, dried and in brine with the demands of our customers.<\/span><\/p><p><span style=\"font-weight: 400;\">We purchase natural mushrooms from all over Turkey.<\/span><\/p><p><span style=\"font-weight: 400;\">The collected mushrooms are brought to our factory as quickly as possible by our own refrigerated vehicles and processed immediately.<\/span><\/p><p><span style=\"font-weight: 400;\">Our products are produced, packaged and shipped in our facility under hygienic conditions in accordance with international food safety regulations.<\/span><\/p><p><span style=\"font-weight: 400;\">QUALITY AND CUSTOMER SATISFACTION has been a priority for our company since the first day of our establishment.<\/span><\/p>\t\t\t\t\t\t<\/div>\n\t\t\t\t<\/div>\n\t\t\t\t<div class=\"elementor-element elementor-element-e3502cb elementor-widget elementor-widget-spacer\" data-id=\"e3502cb\" data-element_type=\"widget\" data-widget_type=\"spacer.default\">\n\t\t\t\t<div class=\"elementor-widget-container\">\n\t\t\t<style>\/*! elementor - v3.23.0 - 25-07-2024 *\/\n.elementor-column .elementor-spacer-inner{height:var(--spacer-size)}.e-con{--container-widget-width:100%}.e-con-inner>.elementor-widget-spacer,.e-con>.elementor-widget-spacer{width:var(--container-widget-width,var(--spacer-size));--align-self:var(--container-widget-align-self,initial);--flex-shrink:0}.e-con-inner>.elementor-widget-spacer>.elementor-widget-container,.e-con>.elementor-widget-spacer>.elementor-widget-container{height:100%;width:100%}.e-con-inner>.elementor-widget-spacer>.elementor-widget-container>.elementor-spacer,.e-con>.elementor-widget-spacer>.elementor-widget-container>.elementor-spacer{height:100%}.e-con-inner>.elementor-widget-spacer>.elementor-widget-container>.elementor-spacer>.elementor-spacer-inner,.e-con>.elementor-widget-spacer>.elementor-widget-container>.elementor-spacer>.elementor-spacer-inner{height:var(--container-widget-height,var(--spacer-size))}.e-con-inner>.elementor-widget-spacer.elementor-widget-empty,.e-con>.elementor-widget-spacer.elementor-widget-empty{position:relative;min-height:22px;min-width:22px}.e-con-inner>.elementor-widget-spacer.elementor-widget-empty .elementor-widget-empty-icon,.e-con>.elementor-widget-spacer.elementor-widget-empty .elementor-widget-empty-icon{position:absolute;top:0;bottom:0;left:0;right:0;margin:auto;padding:0;width:22px;height:22px}<\/style>\t\t<div class=\"elementor-spacer\">\n\t\t\t<div class=\"elementor-spacer-inner\"><\/div>\n\t\t<\/div>\n\t\t\t\t<\/div>\n\t\t\t\t<\/div>\n\t\t\t\t\t<\/div>\n\t\t\t\t<\/div>\n\t\t\t\t<\/div>","protected":false},"excerpt":{"rendered":"<p>Hakk\u0131m\u0131zda \u015eirketimiz Bekta\u015f \u0130thalat \u0130hracat ve D\u0131\u015f Ticaret\u00a0 Ltd .\u015eti. 1984 senesinde\u00a0 \u00c7anakkale\u2019de faaliyete ba\u015flam\u0131\u015ft\u0131r. 1990 senesinden itibaren\u00a0 Almanya , \u0130svi\u00e7re , Fransa ,\u0130talya ,Hollanda , \u0130spanya a\u011f\u0131rl\u0131kl\u0131 olmak \u00fczere t\u00fcm AB \u00fclkeleri ile Japonya ve Amerika ya do\u011fal mantarlar\u0131 ihracat\u0131 yapmaktay\u0131z. M\u00fc\u015fterilerimizin talebi do\u011frultusunda do\u011fal mantarlar\u0131n\u0131 taze, dondurulmu\u015f ,kurutulmu\u015f ve salamura olarak i\u015flemekteyiz. T\u00fcrkiye\u2019nin [&hellip;]<\/p>","protected":false},"author":1,"featured_media":0,"parent":0,"menu_order":0,"comment_status":"closed","ping_status":"closed","template":"","meta":{"footnotes":""},"class_list":["post-518","page","type-page","status-publish","hentry","entry"],"yoast_head":"<!-- This site is optimized with the Yoast SEO plugin v23.2 - https:\/\/yoast.com\/wordpress\/plugins\/seo\/ -->\n<title>Hakk\u0131m\u0131zda - Bekta\u015f Mushrooms<\/title>\n<meta name=\"robots\" content=\"index, follow, max-snippet:-1, max-image-preview:large, max-video-preview:-1\" \/>\n<link rel=\"canonical\" href=\"https:\/\/bektasmushrooms.com\/en\/hakkimizda\/\" \/>\n<meta property=\"og:locale\" content=\"en_US\" \/>\n<meta property=\"og:type\" content=\"article\" \/>\n<meta property=\"og:title\" content=\"Hakk\u0131m\u0131zda - Bekta\u015f Mushrooms\" \/>\n<meta property=\"og:description\" content=\"Hakk\u0131m\u0131zda \u015eirketimiz Bekta\u015f \u0130thalat \u0130hracat ve D\u0131\u015f Ticaret\u00a0 Ltd .\u015eti. 1984 senesinde\u00a0 \u00c7anakkale\u2019de faaliyete ba\u015flam\u0131\u015ft\u0131r. 1990 senesinden itibaren\u00a0 Almanya , \u0130svi\u00e7re , Fransa ,\u0130talya ,Hollanda , \u0130spanya a\u011f\u0131rl\u0131kl\u0131 olmak \u00fczere t\u00fcm AB \u00fclkeleri ile Japonya ve Amerika ya do\u011fal mantarlar\u0131 ihracat\u0131 yapmaktay\u0131z. M\u00fc\u015fterilerimizin talebi do\u011frultusunda do\u011fal mantarlar\u0131n\u0131 taze, dondurulmu\u015f ,kurutulmu\u015f ve salamura olarak i\u015flemekteyiz. T\u00fcrkiye\u2019nin [&hellip;]\" \/>\n<meta property=\"og:url\" content=\"https:\/\/bektasmushrooms.com\/en\/hakkimizda\/\" \/>\n<meta property=\"og:site_name\" content=\"Bekta\u015f Mushrooms\" \/>\n<meta property=\"article:modified_time\" content=\"2024-08-09T12:28:35+00:00\" \/>\n<meta name=\"twitter:card\" content=\"summary_large_image\" \/>\n<meta name=\"twitter:label1\" content=\"Est. reading time\" \/>\n\t<meta name=\"twitter:data1\" content=\"1 minute\" \/>\n<script type=\"application\/ld+json\" class=\"yoast-schema-graph\">{\"@context\":\"https:\/\/schema.org\",\"@graph\":[{\"@type\":\"WebPage\",\"@id\":\"https:\/\/bektasmushrooms.com\/en\/hakkimizda\/\",\"url\":\"https:\/\/bektasmushrooms.com\/en\/hakkimizda\/\",\"name\":\"Hakk\u0131m\u0131zda - Bekta\u015f Mushrooms\",\"isPartOf\":{\"@id\":\"http:\/\/bektasmushrooms.com\/en\/#website\"},\"datePublished\":\"2024-08-06T08:52:38+00:00\",\"dateModified\":\"2024-08-09T12:28:35+00:00\",\"breadcrumb\":{\"@id\":\"https:\/\/bektasmushrooms.com\/en\/hakkimizda\/#breadcrumb\"},\"inLanguage\":\"en-US\",\"potentialAction\":[{\"@type\":\"ReadAction\",\"target\":[\"https:\/\/bektasmushrooms.com\/en\/hakkimizda\/\"]}]},{\"@type\":\"BreadcrumbList\",\"@id\":\"https:\/\/bektasmushrooms.com\/en\/hakkimizda\/#breadcrumb\",\"itemListElement\":[{\"@type\":\"ListItem\",\"position\":1,\"name\":\"Anasayfa\",\"item\":\"http:\/\/bektasmushrooms.com\/en\/\"},{\"@type\":\"ListItem\",\"position\":2,\"name\":\"Hakk\u0131m\u0131zda\"}]},{\"@type\":\"WebSite\",\"@id\":\"http:\/\/bektasmushrooms.com\/en\/#website\",\"url\":\"http:\/\/bektasmushrooms.com\/en\/\",\"name\":\"Bekta\u015f Mushrooms\",\"description\":\"\",\"potentialAction\":[{\"@type\":\"SearchAction\",\"target\":{\"@type\":\"EntryPoint\",\"urlTemplate\":\"http:\/\/bektasmushrooms.com\/en\/?s={search_term_string}\"},\"query-input\":\"required name=search_term_string\"}],\"inLanguage\":\"en-US\"}]}<\/script>\n<!-- \/ Yoast SEO plugin. -->","yoast_head_json":{"title":"Hakk\u0131m\u0131zda - Bekta\u015f Mushrooms","robots":{"index":"index","follow":"follow","max-snippet":"max-snippet:-1","max-image-preview":"max-image-preview:large","max-video-preview":"max-video-preview:-1"},"canonical":"https:\/\/bektasmushrooms.com\/en\/hakkimizda\/","og_locale":"en_US","og_type":"article","og_title":"Hakk\u0131m\u0131zda - Bekta\u015f Mushrooms","og_description":"Hakk\u0131m\u0131zda \u015eirketimiz Bekta\u015f \u0130thalat \u0130hracat ve D\u0131\u015f Ticaret\u00a0 Ltd .\u015eti. 1984 senesinde\u00a0 \u00c7anakkale\u2019de faaliyete ba\u015flam\u0131\u015ft\u0131r. 1990 senesinden itibaren\u00a0 Almanya , \u0130svi\u00e7re , Fransa ,\u0130talya ,Hollanda , \u0130spanya a\u011f\u0131rl\u0131kl\u0131 olmak \u00fczere t\u00fcm AB \u00fclkeleri ile Japonya ve Amerika ya do\u011fal mantarlar\u0131 ihracat\u0131 yapmaktay\u0131z. M\u00fc\u015fterilerimizin talebi do\u011frultusunda do\u011fal mantarlar\u0131n\u0131 taze, dondurulmu\u015f ,kurutulmu\u015f ve salamura olarak i\u015flemekteyiz. T\u00fcrkiye\u2019nin [&hellip;]","og_url":"https:\/\/bektasmushrooms.com\/en\/hakkimizda\/","og_site_name":"Bekta\u015f Mushrooms","article_modified_time":"2024-08-09T12:28:35+00:00","twitter_card":"summary_large_image","twitter_misc":{"Est. reading time":"1 minute"},"schema":{"@context":"https:\/\/schema.org","@graph":[{"@type":"WebPage","@id":"https:\/\/bektasmushrooms.com\/en\/hakkimizda\/","url":"https:\/\/bektasmushrooms.com\/en\/hakkimizda\/","name":"Hakk\u0131m\u0131zda - Bekta\u015f Mushrooms","isPartOf":{"@id":"http:\/\/bektasmushrooms.com\/en\/#website"},"datePublished":"2024-08-06T08:52:38+00:00","dateModified":"2024-08-09T12:28:35+00:00","breadcrumb":{"@id":"https:\/\/bektasmushrooms.com\/en\/hakkimizda\/#breadcrumb"},"inLanguage":"en-US","potentialAction":[{"@type":"ReadAction","target":["https:\/\/bektasmushrooms.com\/en\/hakkimizda\/"]}]},{"@type":"BreadcrumbList","@id":"https:\/\/bektasmushrooms.com\/en\/hakkimizda\/#breadcrumb","itemListElement":[{"@type":"ListItem","position":1,"name":"Anasayfa","item":"http:\/\/bektasmushrooms.com\/en\/"},{"@type":"ListItem","position":2,"name":"Hakk\u0131m\u0131zda"}]},{"@type":"WebSite","@id":"http:\/\/bektasmushrooms.com\/en\/#website","url":"http:\/\/bektasmushrooms.com\/en\/","name":"Bekta\u015f Mushrooms","description":"","potentialAction":[{"@type":"SearchAction","target":{"@type":"EntryPoint","urlTemplate":"http:\/\/bektasmushrooms.com\/en\/?s={search_term_string}"},"query-input":"required name=search_term_string"}],"inLanguage":"en-US"}]}},"_links":{"self":[{"href":"https:\/\/bektasmushrooms.com\/en\/wp-json\/wp\/v2\/pages\/518"}],"collection":[{"href":"https:\/\/bektasmushrooms.com\/en\/wp-json\/wp\/v2\/pages"}],"about":[{"href":"https:\/\/bektasmushrooms.com\/en\/wp-json\/wp\/v2\/types\/page"}],"author":[{"embeddable":true,"href":"https:\/\/bektasmushrooms.com\/en\/wp-json\/wp\/v2\/users\/1"}],"replies":[{"embeddable":true,"href":"https:\/\/bektasmushrooms.com\/en\/wp-json\/wp\/v2\/comments?post=518"}],"version-history":[{"count":16,"href":"https:\/\/bektasmushrooms.com\/en\/wp-json\/wp\/v2\/pages\/518\/revisions"}],"predecessor-version":[{"id":631,"href":"https:\/\/bektasmushrooms.com\/en\/wp-json\/wp\/v2\/pages\/518\/revisions\/631"}],"wp:attachment":[{"href":"https:\/\/bektasmushrooms.com\/en\/wp-json\/wp\/v2\/media?parent=518"}],"curies":[{"name":"wp","href":"https:\/\/api.w.org\/{rel}","templated":true}]}}