{"id":435,"date":"2024-08-05T11:34:48","date_gmt":"2024-08-05T11:34:48","guid":{"rendered":"http:\/\/bektasmushrooms.com\/?page_id=435"},"modified":"2025-06-30T08:55:50","modified_gmt":"2025-06-30T08:55:50","slug":"anasayfa","status":"publish","type":"page","link":"https:\/\/bektasmushrooms.com\/en\/","title":{"rendered":"Homepage"},"content":{"rendered":"<div data-elementor-type=\"wp-page\" data-elementor-id=\"435\" class=\"elementor elementor-435\" data-elementor-post-type=\"page\">\n\t\t\t\t<div class=\"elementor-element elementor-element-7c67175 e-con-full e-flex e-con e-parent\" data-id=\"7c67175\" data-element_type=\"container\">\n\t\t\t\t<div class=\"elementor-element elementor-element-1929827 elementor--h-position-center elementor--v-position-middle elementor-arrows-position-inside elementor-pagination-position-inside elementor-widget elementor-widget-slides\" data-id=\"1929827\" data-element_type=\"widget\" data-settings=\"{&quot;navigation&quot;:&quot;both&quot;,&quot;autoplay&quot;:&quot;yes&quot;,&quot;autoplay_speed&quot;:5000,&quot;infinite&quot;:&quot;yes&quot;,&quot;transition&quot;:&quot;slide&quot;,&quot;transition_speed&quot;:500}\" data-widget_type=\"slides.default\">\n\t\t\t\t<div class=\"elementor-widget-container\">\n\t\t\t<style>\/*! elementor-pro - v3.23.0 - 29-07-2024 *\/\n.elementor-slides .swiper-slide-bg{background-size:cover;background-position:50%;background-repeat:no-repeat;min-width:100%;min-height:100%}.elementor-slides .swiper-slide-inner{background-repeat:no-repeat;background-position:50%;position:absolute;top:0;left:0;bottom:0;right:0;padding:50px;margin:auto}.elementor-slides .swiper-slide-inner,.elementor-slides .swiper-slide-inner:hover{color:#fff;display:flex}.elementor-slides .swiper-slide-inner .elementor-background-overlay{position:absolute;z-index:0;top:0;bottom:0;left:0;right:0}.elementor-slides .swiper-slide-inner .elementor-slide-content{position:relative;z-index:1;width:100%}.elementor-slides .swiper-slide-inner .elementor-slide-heading{font-size:35px;font-weight:700;line-height:1}.elementor-slides .swiper-slide-inner .elementor-slide-description{font-size:17px;line-height:1.4}.elementor-slides .swiper-slide-inner .elementor-slide-description:not(:last-child),.elementor-slides .swiper-slide-inner .elementor-slide-heading:not(:last-child){margin-bottom:30px}.elementor-slides .swiper-slide-inner .elementor-slide-button{border:2px solid #fff;color:#fff;background:transparent;display:inline-block}.elementor-slides .swiper-slide-inner .elementor-slide-button,.elementor-slides .swiper-slide-inner .elementor-slide-button:hover{background:transparent;color:inherit;text-decoration:none}.elementor--v-position-top .swiper-slide-inner{align-items:flex-start}.elementor--v-position-bottom .swiper-slide-inner{align-items:flex-end}.elementor--v-position-middle .swiper-slide-inner{align-items:center}.elementor--h-position-left .swiper-slide-inner{justify-content:flex-start}.elementor--h-position-right .swiper-slide-inner{justify-content:flex-end}.elementor--h-position-center .swiper-slide-inner{justify-content:center}body.rtl .elementor-widget-slides .elementor-swiper-button-next{left:10px;right:auto}body.rtl .elementor-widget-slides .elementor-swiper-button-prev{right:10px;left:auto}.elementor-slides-wrapper div:not(.swiper-slide)>.swiper-slide-inner{display:none}@media (max-width:767px){.elementor-slides .swiper-slide-inner{padding:30px}.elementor-slides .swiper-slide-inner .elementor-slide-heading{font-size:23px;line-height:1;margin-bottom:15px}.elementor-slides .swiper-slide-inner .elementor-slide-description{font-size:13px;line-height:1.4;margin-bottom:15px}}<\/style>\t\t<div class=\"elementor-swiper\">\n\t\t\t<div class=\"elementor-slides-wrapper elementor-main-swiper swiper\" dir=\"ltr\" data-animation=\"fadeInUp\">\n\t\t\t\t<div class=\"swiper-wrapper elementor-slides\">\n\t\t\t\t\t\t\t\t\t\t<div class=\"elementor-repeater-item-bbe881b swiper-slide\"><div class=\"swiper-slide-bg\" role=\"img\"><\/div><div class=\"swiper-slide-inner\" ><div class=\"swiper-slide-contents\"><\/div><\/div><\/div><div class=\"elementor-repeater-item-7a5717b swiper-slide\"><div class=\"swiper-slide-bg\" role=\"img\"><\/div><div class=\"swiper-slide-inner\" ><div class=\"swiper-slide-contents\"><\/div><\/div><\/div><div class=\"elementor-repeater-item-fa60447 swiper-slide\"><div class=\"swiper-slide-bg\" role=\"img\"><\/div><div class=\"swiper-slide-inner\" ><div class=\"swiper-slide-contents\"><\/div><\/div><\/div><div class=\"elementor-repeater-item-79e0483 swiper-slide\"><div class=\"swiper-slide-bg\" role=\"img\"><\/div><div class=\"swiper-slide-inner\" ><div class=\"swiper-slide-contents\"><\/div><\/div><\/div>\t\t\t\t<\/div>\n\t\t\t\t\t\t\t\t\t\t\t\t\t\t\t<div class=\"swiper-pagination\"><\/div>\n\t\t\t\t\t\t\t\t\t\t\t\t\t\t\t\t<div class=\"elementor-swiper-button elementor-swiper-button-prev\" role=\"button\" tabindex=\"0\">\n\t\t\t\t\t\t\t<i aria-hidden=\"true\" class=\"eicon-chevron-left\"><\/i>\t\t\t\t\t\t\t<span class=\"elementor-screen-only\" data-no-translation=\"\" data-trp-gettext=\"\">Previous slide<\/span>\n\t\t\t\t\t\t<\/div>\n\t\t\t\t\t\t<div class=\"elementor-swiper-button elementor-swiper-button-next\" role=\"button\" tabindex=\"0\">\n\t\t\t\t\t\t\t<i aria-hidden=\"true\" class=\"eicon-chevron-right\"><\/i>\t\t\t\t\t\t\t<span class=\"elementor-screen-only\" data-no-translation=\"\" data-trp-gettext=\"\">Next slide<\/span>\n\t\t\t\t\t\t<\/div>\n\t\t\t\t\t\t\t\t\t\t\t\t<\/div>\n\t\t<\/div>\n\t\t\t\t<\/div>\n\t\t\t\t<\/div>\n\t\t\t\t<\/div>\n\t\t<div class=\"elementor-element elementor-element-e2bd3ae e-flex e-con-boxed e-con e-parent\" data-id=\"e2bd3ae\" data-element_type=\"container\">\n\t\t\t\t\t<div class=\"e-con-inner\">\n\t\t\t\t<div class=\"elementor-element elementor-element-97fb4d5 elementor-widget elementor-widget-heading\" data-id=\"97fb4d5\" data-element_type=\"widget\" data-widget_type=\"heading.default\">\n\t\t\t\t<div class=\"elementor-widget-container\">\n\t\t\t<style>\/*! elementor - v3.23.0 - 25-07-2024 *\/\n.elementor-heading-title{padding:0;margin:0;line-height:1}.elementor-widget-heading .elementor-heading-title[class*=elementor-size-]>a{color:inherit;font-size:inherit;line-height:inherit}.elementor-widget-heading .elementor-heading-title.elementor-size-small{font-size:15px}.elementor-widget-heading .elementor-heading-title.elementor-size-medium{font-size:19px}.elementor-widget-heading .elementor-heading-title.elementor-size-large{font-size:29px}.elementor-widget-heading .elementor-heading-title.elementor-size-xl{font-size:39px}.elementor-widget-heading .elementor-heading-title.elementor-size-xxl{font-size:59px}<\/style><h2 class=\"elementor-heading-title elementor-size-default\">About<\/h2>\t\t<\/div>\n\t\t\t\t<\/div>\n\t\t\t\t<div class=\"elementor-element elementor-element-fe3d4b3 elementor-widget elementor-widget-text-editor\" data-id=\"fe3d4b3\" data-element_type=\"widget\" data-widget_type=\"text-editor.default\">\n\t\t\t\t<div class=\"elementor-widget-container\">\n\t\t\t<style>\/*! elementor - v3.23.0 - 25-07-2024 *\/\n.elementor-widget-text-editor.elementor-drop-cap-view-stacked .elementor-drop-cap{background-color:#69727d;color:#fff}.elementor-widget-text-editor.elementor-drop-cap-view-framed .elementor-drop-cap{color:#69727d;border:3px solid;background-color:transparent}.elementor-widget-text-editor:not(.elementor-drop-cap-view-default) .elementor-drop-cap{margin-top:8px}.elementor-widget-text-editor:not(.elementor-drop-cap-view-default) .elementor-drop-cap-letter{width:1em;height:1em}.elementor-widget-text-editor .elementor-drop-cap{float:left;text-align:center;line-height:1;font-size:50px}.elementor-widget-text-editor .elementor-drop-cap-letter{display:inline-block}<\/style>\t\t\t\t<p><span style=\"font-weight: 400;\">Our company Bekta\u015f \u0130thalat \u0130hracat Ltd.\u015eti. was established in \u00c7anakkale in 1984.<\/span><\/p><p><span style=\"font-weight: 400;\">Since 1990, we have been exporting natural and organic mushrooms to all EU countries, especially Germany, Switzerland, France, Italy, Netherlands and Spain, Japan and America.<\/span><\/p><p><span style=\"font-weight: 400;\">We produce natural mushrooms as fresh, frozen, dried and in brine with the demands of our customers.<\/span><\/p><p><a href=\"http:\/\/bektasmushrooms.com\/en\/hakkimizda\/\"><strong>Click for more...<\/strong><\/a><\/p>\t\t\t\t\t\t<\/div>\n\t\t\t\t<\/div>\n\t\t\t\t\t<\/div>\n\t\t\t\t<\/div>\n\t\t<div class=\"elementor-element elementor-element-6b54204 e-flex e-con-boxed e-con e-parent\" data-id=\"6b54204\" data-element_type=\"container\">\n\t\t\t\t\t<div class=\"e-con-inner\">\n\t\t\t\t<div class=\"elementor-element elementor-element-60cc785 elementor-widget elementor-widget-heading\" data-id=\"60cc785\" data-element_type=\"widget\" data-widget_type=\"heading.default\">\n\t\t\t\t<div class=\"elementor-widget-container\">\n\t\t\t<h2 class=\"elementor-heading-title elementor-size-default\">Certificate<\/h2>\t\t<\/div>\n\t\t\t\t<\/div>\n\t\t\t\t\t<\/div>\n\t\t\t\t<\/div>\n\t\t<div class=\"elementor-element elementor-element-ddb48db e-grid e-con-boxed e-con e-parent\" data-id=\"ddb48db\" data-element_type=\"container\">\n\t\t\t\t\t<div class=\"e-con-inner\">\n\t\t\t\t<div class=\"elementor-element elementor-element-0aede66 elementor-widget elementor-widget-image\" data-id=\"0aede66\" data-element_type=\"widget\" data-widget_type=\"image.default\">\n\t\t\t\t<div class=\"elementor-widget-container\">\n\t\t\t<style>\/*! elementor - v3.23.0 - 25-07-2024 *\/\n.elementor-widget-image{text-align:center}.elementor-widget-image a{display:inline-block}.elementor-widget-image a img[src$=\".svg\"]{width:48px}.elementor-widget-image img{vertical-align:middle;display:inline-block}<\/style>\t\t\t\t\t\t\t\t\t\t\t<a href=\"http:\/\/bektasmushrooms.com\/wp-content\/uploads\/2025\/01\/FDA_2025.pdf\">\n\t\t\t\t\t\t\t<img decoding=\"async\" src=\"http:\/\/bektasmushrooms.com\/wp-content\/uploads\/elementor\/thumbs\/fda-r0do0doyas3mz05bal3z8if308b5c003rundt0q03s.jpg\" title=\"fda\" alt=\"fda\" loading=\"lazy\" \/>\t\t\t\t\t\t\t\t<\/a>\n\t\t\t\t\t\t\t\t\t\t\t\t\t<\/div>\n\t\t\t\t<\/div>\n\t\t\t\t<div class=\"elementor-element elementor-element-8e444b7 elementor-widget elementor-widget-image\" data-id=\"8e444b7\" data-element_type=\"widget\" data-widget_type=\"image.default\">\n\t\t\t\t<div class=\"elementor-widget-container\">\n\t\t\t\t\t\t\t\t\t\t\t\t\t\t<a href=\"http:\/\/bektasmushrooms.com\/wp-content\/uploads\/2025\/01\/IREC_Belgesi_241021_1438361.pdf\">\n\t\t\t\t\t\t\t<img decoding=\"async\" src=\"http:\/\/bektasmushrooms.com\/wp-content\/uploads\/elementor\/thumbs\/irecbelgesi-r0dnyu8h3jzpy0dvaf4zneevyhwhpuvxw85qhp08aw.jpg\" title=\"irecbelgesi\" alt=\"irecbelgesi\" loading=\"lazy\" \/>\t\t\t\t\t\t\t\t<\/a>\n\t\t\t\t\t\t\t\t\t\t\t\t\t<\/div>\n\t\t\t\t<\/div>\n\t\t\t\t<div class=\"elementor-element elementor-element-d82a51f elementor-widget elementor-widget-image\" data-id=\"d82a51f\" data-element_type=\"widget\" data-widget_type=\"image.default\">\n\t\t\t\t<div class=\"elementor-widget-container\">\n\t\t\t\t\t\t\t\t\t\t\t\t\t\t<a href=\"http:\/\/bektasmushrooms.com\/wp-content\/uploads\/2025\/06\/bektas2025iso22000.jpg\" data-elementor-open-lightbox=\"yes\" data-elementor-lightbox-title=\"bektas2025iso22000\" data-e-action-hash=\"#elementor-action%3Aaction%3Dlightbox%26settings%3DeyJpZCI6Njk1LCJ1cmwiOiJodHRwOlwvXC9iZWt0YXNtdXNocm9vbXMuY29tXC93cC1jb250ZW50XC91cGxvYWRzXC8yMDI1XC8wNlwvYmVrdGFzMjAyNWlzbzIyMDAwLmpwZyJ9\">\n\t\t\t\t\t\t\t<img decoding=\"async\" src=\"http:\/\/bektasmushrooms.com\/wp-content\/uploads\/elementor\/thumbs\/bektas2025iso22000-r8285p2uye3vj90vj3rj1ugzbk3zncjb4ztp9z2new.jpg\" title=\"bektas2025iso22000\" alt=\"bektas2025iso22000\" loading=\"lazy\" \/>\t\t\t\t\t\t\t\t<\/a>\n\t\t\t\t\t\t\t\t\t\t\t\t\t<\/div>\n\t\t\t\t<\/div>\n\t\t\t\t<div class=\"elementor-element elementor-element-48256c7 elementor-widget elementor-widget-image\" data-id=\"48256c7\" data-element_type=\"widget\" data-widget_type=\"image.default\">\n\t\t\t\t<div class=\"elementor-widget-container\">\n\t\t\t\t\t\t\t\t\t\t\t\t\t\t<a href=\"http:\/\/bektasmushrooms.com\/wp-content\/uploads\/2025\/06\/bektas2025iso9001-1.jpg\" data-elementor-open-lightbox=\"yes\" data-elementor-lightbox-title=\"bektas2025iso9001\" data-e-action-hash=\"#elementor-action%3Aaction%3Dlightbox%26settings%3DeyJpZCI6NzAwLCJ1cmwiOiJodHRwOlwvXC9iZWt0YXNtdXNocm9vbXMuY29tXC93cC1jb250ZW50XC91cGxvYWRzXC8yMDI1XC8wNlwvYmVrdGFzMjAyNWlzbzkwMDEtMS5qcGcifQ%3D%3D\">\n\t\t\t\t\t\t\t<img decoding=\"async\" src=\"http:\/\/bektasmushrooms.com\/wp-content\/uploads\/elementor\/thumbs\/bektas2025iso9001-1-r8299suysorh4kxld0a85iqnw3l9jlzxb5oz8oee4o.jpg\" title=\"bektas2025iso9001\" alt=\"bektas2025iso9001\" loading=\"lazy\" \/>\t\t\t\t\t\t\t\t<\/a>\n\t\t\t\t\t\t\t\t\t\t\t\t\t<\/div>\n\t\t\t\t<\/div>\n\t\t\t\t\t<\/div>\n\t\t\t\t<\/div>\n\t\t\t\t<\/div>","protected":false},"excerpt":{"rendered":"<p>Previous slide Next slide Hakk\u0131m\u0131zda \u015eirketimiz Bekta\u015f \u0130thalat \u0130hracat ve D\u0131\u015f Ticaret\u00a0 Ltd .\u015eti. 1984 senesinde\u00a0 \u00c7anakkale\u2019de faaliyete ba\u015flam\u0131\u015ft\u0131r. 1990 senesinden itibaren\u00a0 Almanya , \u0130svi\u00e7re , Fransa ,\u0130talya ,Hollanda , \u0130spanya a\u011f\u0131rl\u0131kl\u0131 olmak \u00fczere t\u00fcm AB \u00fclkeleri ile Japonya ve Amerika ya do\u011fal mantarlar\u0131 ihracat\u0131 yapmaktay\u0131z. M\u00fc\u015fterilerimizin talebi do\u011frultusunda do\u011fal mantarlar\u0131n\u0131 taze, dondurulmu\u015f ,kurutulmu\u015f ve [&hellip;]<\/p>","protected":false},"author":1,"featured_media":0,"parent":0,"menu_order":0,"comment_status":"closed","ping_status":"closed","template":"","meta":{"footnotes":""},"class_list":["post-435","page","type-page","status-publish","hentry","entry"],"yoast_head":"<!-- This site is optimized with the Yoast SEO plugin v23.2 - https:\/\/yoast.com\/wordpress\/plugins\/seo\/ -->\n<title>Anasayfa - Bekta\u015f Mushrooms<\/title>\n<meta name=\"robots\" content=\"index, follow, max-snippet:-1, max-image-preview:large, max-video-preview:-1\" \/>\n<link rel=\"canonical\" href=\"http:\/\/bektasmushrooms.com\/en\/\" \/>\n<meta property=\"og:locale\" content=\"en_US\" \/>\n<meta property=\"og:type\" content=\"article\" \/>\n<meta property=\"og:title\" content=\"Anasayfa - Bekta\u015f Mushrooms\" \/>\n<meta property=\"og:description\" content=\"Previous slide Next slide Hakk\u0131m\u0131zda \u015eirketimiz Bekta\u015f \u0130thalat \u0130hracat ve D\u0131\u015f Ticaret\u00a0 Ltd .\u015eti. 1984 senesinde\u00a0 \u00c7anakkale\u2019de faaliyete ba\u015flam\u0131\u015ft\u0131r. 1990 senesinden itibaren\u00a0 Almanya , \u0130svi\u00e7re , Fransa ,\u0130talya ,Hollanda , \u0130spanya a\u011f\u0131rl\u0131kl\u0131 olmak \u00fczere t\u00fcm AB \u00fclkeleri ile Japonya ve Amerika ya do\u011fal mantarlar\u0131 ihracat\u0131 yapmaktay\u0131z. M\u00fc\u015fterilerimizin talebi do\u011frultusunda do\u011fal mantarlar\u0131n\u0131 taze, dondurulmu\u015f ,kurutulmu\u015f ve [&hellip;]\" \/>\n<meta property=\"og:url\" content=\"http:\/\/bektasmushrooms.com\/en\/\" \/>\n<meta property=\"og:site_name\" content=\"Bekta\u015f Mushrooms\" \/>\n<meta property=\"article:modified_time\" content=\"2025-06-30T08:55:50+00:00\" \/>\n<meta property=\"og:image\" content=\"http:\/\/bektasmushrooms.com\/wp-content\/uploads\/elementor\/thumbs\/fda-r0do0doyas3mz05bal3z8if308b5c003rundt0q03s.jpg\" \/>\n<meta name=\"twitter:card\" content=\"summary_large_image\" \/>\n<meta name=\"twitter:label1\" content=\"Est. reading time\" \/>\n\t<meta name=\"twitter:data1\" content=\"2 minutes\" \/>\n<script type=\"application\/ld+json\" class=\"yoast-schema-graph\">{\"@context\":\"https:\/\/schema.org\",\"@graph\":[{\"@type\":\"WebPage\",\"@id\":\"http:\/\/bektasmushrooms.com\/en\/\",\"url\":\"http:\/\/bektasmushrooms.com\/en\/\",\"name\":\"Anasayfa - Bekta\u015f Mushrooms\",\"isPartOf\":{\"@id\":\"http:\/\/bektasmushrooms.com\/en\/#website\"},\"primaryImageOfPage\":{\"@id\":\"http:\/\/bektasmushrooms.com\/en\/#primaryimage\"},\"image\":{\"@id\":\"http:\/\/bektasmushrooms.com\/en\/#primaryimage\"},\"thumbnailUrl\":\"http:\/\/bektasmushrooms.com\/wp-content\/uploads\/elementor\/thumbs\/fda-r0do0doyas3mz05bal3z8if308b5c003rundt0q03s.jpg\",\"datePublished\":\"2024-08-05T11:34:48+00:00\",\"dateModified\":\"2025-06-30T08:55:50+00:00\",\"breadcrumb\":{\"@id\":\"http:\/\/bektasmushrooms.com\/en\/#breadcrumb\"},\"inLanguage\":\"en-US\",\"potentialAction\":[{\"@type\":\"ReadAction\",\"target\":[\"http:\/\/bektasmushrooms.com\/en\/\"]}]},{\"@type\":\"ImageObject\",\"inLanguage\":\"en-US\",\"@id\":\"http:\/\/bektasmushrooms.com\/en\/#primaryimage\",\"url\":\"http:\/\/bektasmushrooms.com\/wp-content\/uploads\/elementor\/thumbs\/fda-r0do0doyas3mz05bal3z8if308b5c003rundt0q03s.jpg\",\"contentUrl\":\"http:\/\/bektasmushrooms.com\/wp-content\/uploads\/elementor\/thumbs\/fda-r0do0doyas3mz05bal3z8if308b5c003rundt0q03s.jpg\"},{\"@type\":\"BreadcrumbList\",\"@id\":\"http:\/\/bektasmushrooms.com\/en\/#breadcrumb\",\"itemListElement\":[{\"@type\":\"ListItem\",\"position\":1,\"name\":\"Anasayfa\",\"item\":\"http:\/\/bektasmushrooms.com\/en\/\"},{\"@type\":\"ListItem\",\"position\":2,\"name\":\"Anasayfa\"}]},{\"@type\":\"WebSite\",\"@id\":\"http:\/\/bektasmushrooms.com\/en\/#website\",\"url\":\"http:\/\/bektasmushrooms.com\/en\/\",\"name\":\"Bekta\u015f Mushrooms\",\"description\":\"\",\"potentialAction\":[{\"@type\":\"SearchAction\",\"target\":{\"@type\":\"EntryPoint\",\"urlTemplate\":\"http:\/\/bektasmushrooms.com\/en\/?s={search_term_string}\"},\"query-input\":\"required name=search_term_string\"}],\"inLanguage\":\"en-US\"}]}<\/script>\n<!-- \/ Yoast SEO plugin. -->","yoast_head_json":{"title":"Anasayfa - Bekta\u015f Mushrooms","robots":{"index":"index","follow":"follow","max-snippet":"max-snippet:-1","max-image-preview":"max-image-preview:large","max-video-preview":"max-video-preview:-1"},"canonical":"http:\/\/bektasmushrooms.com\/en\/","og_locale":"en_US","og_type":"article","og_title":"Anasayfa - Bekta\u015f Mushrooms","og_description":"Previous slide Next slide Hakk\u0131m\u0131zda \u015eirketimiz Bekta\u015f \u0130thalat \u0130hracat ve D\u0131\u015f Ticaret\u00a0 Ltd .\u015eti. 1984 senesinde\u00a0 \u00c7anakkale\u2019de faaliyete ba\u015flam\u0131\u015ft\u0131r. 1990 senesinden itibaren\u00a0 Almanya , \u0130svi\u00e7re , Fransa ,\u0130talya ,Hollanda , \u0130spanya a\u011f\u0131rl\u0131kl\u0131 olmak \u00fczere t\u00fcm AB \u00fclkeleri ile Japonya ve Amerika ya do\u011fal mantarlar\u0131 ihracat\u0131 yapmaktay\u0131z. M\u00fc\u015fterilerimizin talebi do\u011frultusunda do\u011fal mantarlar\u0131n\u0131 taze, dondurulmu\u015f ,kurutulmu\u015f ve [&hellip;]","og_url":"http:\/\/bektasmushrooms.com\/en\/","og_site_name":"Bekta\u015f Mushrooms","article_modified_time":"2025-06-30T08:55:50+00:00","og_image":[{"url":"http:\/\/bektasmushrooms.com\/wp-content\/uploads\/elementor\/thumbs\/fda-r0do0doyas3mz05bal3z8if308b5c003rundt0q03s.jpg"}],"twitter_card":"summary_large_image","twitter_misc":{"Est. reading time":"2 minutes"},"schema":{"@context":"https:\/\/schema.org","@graph":[{"@type":"WebPage","@id":"http:\/\/bektasmushrooms.com\/en\/","url":"http:\/\/bektasmushrooms.com\/en\/","name":"Anasayfa - Bekta\u015f Mushrooms","isPartOf":{"@id":"http:\/\/bektasmushrooms.com\/en\/#website"},"primaryImageOfPage":{"@id":"http:\/\/bektasmushrooms.com\/en\/#primaryimage"},"image":{"@id":"http:\/\/bektasmushrooms.com\/en\/#primaryimage"},"thumbnailUrl":"http:\/\/bektasmushrooms.com\/wp-content\/uploads\/elementor\/thumbs\/fda-r0do0doyas3mz05bal3z8if308b5c003rundt0q03s.jpg","datePublished":"2024-08-05T11:34:48+00:00","dateModified":"2025-06-30T08:55:50+00:00","breadcrumb":{"@id":"http:\/\/bektasmushrooms.com\/en\/#breadcrumb"},"inLanguage":"en-US","potentialAction":[{"@type":"ReadAction","target":["http:\/\/bektasmushrooms.com\/en\/"]}]},{"@type":"ImageObject","inLanguage":"en-US","@id":"http:\/\/bektasmushrooms.com\/en\/#primaryimage","url":"http:\/\/bektasmushrooms.com\/wp-content\/uploads\/elementor\/thumbs\/fda-r0do0doyas3mz05bal3z8if308b5c003rundt0q03s.jpg","contentUrl":"http:\/\/bektasmushrooms.com\/wp-content\/uploads\/elementor\/thumbs\/fda-r0do0doyas3mz05bal3z8if308b5c003rundt0q03s.jpg"},{"@type":"BreadcrumbList","@id":"http:\/\/bektasmushrooms.com\/en\/#breadcrumb","itemListElement":[{"@type":"ListItem","position":1,"name":"Anasayfa","item":"http:\/\/bektasmushrooms.com\/en\/"},{"@type":"ListItem","position":2,"name":"Anasayfa"}]},{"@type":"WebSite","@id":"http:\/\/bektasmushrooms.com\/en\/#website","url":"http:\/\/bektasmushrooms.com\/en\/","name":"Bekta\u015f Mushrooms","description":"","potentialAction":[{"@type":"SearchAction","target":{"@type":"EntryPoint","urlTemplate":"http:\/\/bektasmushrooms.com\/en\/?s={search_term_string}"},"query-input":"required name=search_term_string"}],"inLanguage":"en-US"}]}},"_links":{"self":[{"href":"https:\/\/bektasmushrooms.com\/en\/wp-json\/wp\/v2\/pages\/435"}],"collection":[{"href":"https:\/\/bektasmushrooms.com\/en\/wp-json\/wp\/v2\/pages"}],"about":[{"href":"https:\/\/bektasmushrooms.com\/en\/wp-json\/wp\/v2\/types\/page"}],"author":[{"embeddable":true,"href":"https:\/\/bektasmushrooms.com\/en\/wp-json\/wp\/v2\/users\/1"}],"replies":[{"embeddable":true,"href":"https:\/\/bektasmushrooms.com\/en\/wp-json\/wp\/v2\/comments?post=435"}],"version-history":[{"count":55,"href":"https:\/\/bektasmushrooms.com\/en\/wp-json\/wp\/v2\/pages\/435\/revisions"}],"predecessor-version":[{"id":706,"href":"https:\/\/bektasmushrooms.com\/en\/wp-json\/wp\/v2\/pages\/435\/revisions\/706"}],"wp:attachment":[{"href":"https:\/\/bektasmushrooms.com\/en\/wp-json\/wp\/v2\/media?parent=435"}],"curies":[{"name":"wp","href":"https:\/\/api.w.org\/{rel}","templated":true}]}}